{"id":807,"date":"2014-10-07T12:18:06","date_gmt":"2014-10-07T10:18:06","guid":{"rendered":"http:\/\/brf-hh.net\/?page_id=807"},"modified":"2026-03-17T21:44:56","modified_gmt":"2026-03-17T19:44:56","slug":"maklarinformation","status":"publish","type":"page","link":"https:\/\/brf-hh.net\/?page_id=807","title":{"rendered":"M\u00e4klarinformation"},"content":{"rendered":"<div style=\"color: #000000;\"><strong>Pants\u00e4ttningar<\/strong><\/div>\n<div style=\"color: #000000;\"><\/div>\n<div style=\"color: #000000;\">\n<p>Panterna ska skickas till\u00a0f\u00f6reningen via adressen:<br \/>\nFastighets\u00e4garna Service Stockholm AB<br \/>\nBox 12871<br \/>\n112 98 Stockholm<\/p>\n<\/div>\n<p><strong>\u00d6verl\u00e5telser<\/strong><br \/>\nF\u00f6r att h\u00e4mta m\u00e4klarbild, registrera en \u00f6verl\u00e5telse eller ans\u00f6ka om medlemskap, g\u00e5 till\u00a0<a style=\"color: #f1841d;\" href=\"https:\/\/www.ny-medlem.se\" target=\"_blank\" rel=\"noopener\" data-saferedirecturl=\"https:\/\/www.google.com\/url?q=https:\/\/tr.aonetrk.com\/c\/eUPf70Sf9r&amp;source=gmail&amp;ust=1660842984859000&amp;usg=AOvVaw10DEcEKk8o_g8639_6tkQt\">www.ny-medlem.se<\/a>. D\u00e4r hanterar v\u00e5r bostadsr\u00e4ttsf\u00f6rening alla \u00f6verl\u00e5telser.<\/p>\n<p>Vi l\u00e4mnar inte ut uppgifter om pants\u00e4ttningar och liknande till tredje part utan l\u00e4genhetsinnehavarens medgivande. Denne\u00a0m\u00e5ste sj\u00e4lv kontakta oss och beg\u00e4ra ut uppgifterna.<\/p>\n<p><strong>Om bostadsr\u00e4ttsf\u00f6reningen<br \/>\n<\/strong><span style=\"color: #000000;\">Bostadsr\u00e4ttsf\u00f6reningen \u00e4r o\u00e4kta. L\u00e4s mer om hur bostadsf\u00f6rm\u00e5n r\u00e4knas ut hos Skatteverket (<a href=\"https:\/\/www.skatteverket.se\/privat\/fastigheterochbostad\/beskattningavandelioaktabostadsforetag\/arligbeskattningavoaktabostadsratt.4.361dc8c15312eff6fd2232e.html\" target=\"_blank\" rel=\"noopener\">l\u00e4nk<\/a>).<br \/>\n<\/span>Styrelsen bevakar kontinuerligt om regler f\u00f6r\u00e4ndras eller om vi kan omvandla ytor f\u00f6r att bli \u00e4kta, men f\u00f6r n\u00e4rvarande p\u00e5g\u00e5r inget aktivt arbete.\u00a0<br style=\"color: #000000;\" \/><span style=\"color: #000000;\">M\u00e5nadsavgiften inkluderar v\u00e4rme, vatten och f\u00f6rr\u00e5d.<\/span><br style=\"color: #000000;\" \/><span style=\"color: #000000;\">Kabel-tv och internet via Tele2 (fd Comhem). Fiberalternativ via Zmarket.<\/span><br style=\"color: #000000;\" \/><span style=\"color: #000000;\">Fj\u00e4rrv\u00e4rme.<\/span><br style=\"color: #000000;\" \/><span style=\"color: #000000;\">Juridisk person godk\u00e4nns inte.<\/span><br style=\"color: #000000;\" \/><span style=\"color: #000000;\">Delat \u00e4gande accepteras.<br \/>\nDen som k\u00f6per l\u00e4genhet i f\u00f6reningen ska skriva sig p\u00e5 adressen.<br \/>\n\u00d6verl\u00e5telseavgift \u00e4r 2,5 procent av \u00e5rets prisbasbelopp.<br \/>\nPants\u00e4ttningsavgift \u00e4r 1 procent av \u00e5rets prisbasbelopp.<\/span><\/p>\n<p><strong style=\"color: #000000;\">Fastigheterna<\/strong><br style=\"color: #000000;\" \/><span style=\"color: #000000;\">Flerfamiljshus.<\/span><br style=\"color: #000000;\" \/><span style=\"color: #000000;\">Byggnads\u00e5r 1967.<\/span><br style=\"color: #000000;\" \/><span style=\"color: #000000;\">Fastigheten f\u00f6rv\u00e4rvades den 19 december 2001.<\/span><br style=\"color: #000000;\" \/><span style=\"color: #000000;\">Spettet 17 omfattar fyra portar; Hornsgatan 150A, 150B och 152 samt Hornsbruksgatan 11. Totalt 57 l\u00e4genheter varav en \u00e4r hyresr\u00e4tt.<\/span><br style=\"color: #000000;\" \/><span style=\"color: #000000;\">F\u00f6reningen \u00e4ger marken.<\/span><br style=\"color: #000000;\" \/><span style=\"color: #000000;\">L\u00e4genheterna f\u00e5r bara utrustas med kolfilterfl\u00e4ktar.<\/span><br style=\"color: #000000;\" \/><span style=\"color: #000000;\">I l\u00e4genheterna finns trefassystem.<br \/>\n<\/span>Gemensamhetsel (fr.o.m v\u00e5ren 2023)<br style=\"color: #000000;\" \/><span style=\"color: #000000;\">Tv\u00e4ttstuga, hobbyrum,\u00a0den stora g\u00e5rden mellan husen, cykelf\u00f6rr\u00e5d ses som gemensamma utrymmen.<\/span><br style=\"color: #000000;\" \/><span style=\"color: #000000;\">I fastigheten finns ett garage med parkeringsplatser med ut- och infart mot Hornsbruksgatan. N\u00e5gra har laddstolpar. K\u00f6tid varierar. Ibland \u00e4r ingen k\u00f6 alls. N\u00e4r det\u00a0\u00e4r k\u00f6 brukar k\u00f6tiden generellt vara ca 3-6 m\u00e5nader.<br \/>\n<\/span><\/p>\n<p><strong>Underh\u00e5llsplan<\/strong><br \/>\nF\u00f6reningen arbetar utifr\u00e5n en underh\u00e5llsplan som str\u00e4cker sig \u00f6ver 30 \u00e5r och uppdateras en g\u00e5ng per \u00e5r i samr\u00e5d med v\u00e5r f\u00f6rvaltare. Planerat underh\u00e5ll de kommande \u00e5ren f\u00f6rutom nedan listat \u00e4r bland annat en fasadrenovering mot g\u00e5rden. Renoveringarna \u00e4r inr\u00e4knade i budget och f\u00f6rv\u00e4ntas utifr\u00e5n den ekonomiska situation som r\u00e5der i skrivande stund inte leda till n\u00e5gon f\u00f6r\u00e4ndring i avgiften.<\/p>\n<p><strong>Renovering och underh\u00e5ll<\/strong><br \/>\n2024\/25: Byte av hisskorgar<br \/>\n2024: Omm\u00e5lning tak f\u00f6r att f\u00f6rl\u00e4nga takens livsl\u00e4ngd.<br \/>\n2023: Installation LED-lampor i hela fastigheten, Installation IMD (gemensamhetsel), radonm\u00e4tning, utbyte pumpar (avloppsvatten).<br \/>\n2022\/23: Besiktning och uppdatering av tv\u00e5 skyddsrum i fastigheten<strong><br \/>\n<\/strong>2020-21: Elladdstolpar installerades i f\u00f6reningens garage.<br \/>\n2018: Nedre garageplan renoverades\u00a0samtidigt som hela lokalen m\u00e5lades.<br \/>\n2017: Fasadrenovering av fastigheten mot Hornsgatan.<br \/>\n2016: Garagets golv p\u00e5 \u00f6vre plan renoverades.<br \/>\n2014: Tv\u00e4ttstugan utrustades med ny torktumlare och nytt torksk\u00e5p.<br \/>\n<span style=\"color: #000000;\">2013-2014: Totalrenovering av g\u00e5rden, inklusive grund och planteringar.<br \/>\n2012: Nya tv\u00e4ttmaskiner installerades i tv\u00e4ttstugan.<br \/>\n2011-2012: Nya f\u00f6nster.<br \/>\n2011: Ventilation.<br \/>\n2009-2010: Stambyte.<br \/>\n<\/span>2009: Samtlig armatur i gemensamma utrymmen byttes ut.<strong><br \/>\n<\/strong>2002-2003: Renovering av hissar.<\/p>\n<p><span style=\"color: #000000;\"><strong>Historik avgiftsf\u00f6r\u00e4ndringar<br \/>\n<\/strong>\u00c5r 2021, 2022 och 2023 beviljades medlemmarna tre avgiftsfria m\u00e5nader (oktober-december). Avgiftfria m\u00e5nader planeras inte \u00e5r 2024.<br \/>\n+ 5 procent\u00a0den 1\u00a0april 2014.<br \/>\n+\u00a05 procent\u00a0den 1\u00a0april 2011.<strong><br \/>\n<\/strong><\/span>+ 5 procent den 1 januari 2008.<\/p>\n<p>\u00c5rsredovisningar hittar du under fliken ekonomi och f\u00f6rs\u00e4kringar i menyn ovan.<\/p>\n<p><span style=\"color: #000000;\">Kontakta styrelsen,\u00a0<\/span><a href=\"mailto:info@brf-hh.net\">info@brf-hh.net<\/a><span style=\"color: #000000;\">, f\u00f6r ytterligare information.<\/span><\/p>\n","protected":false},"excerpt":{"rendered":"<p>Pants\u00e4ttningar Panterna ska skickas till\u00a0f\u00f6reningen via adressen: Fastighets\u00e4garna Service Stockholm AB Box 12871 112 98 Stockholm \u00d6verl\u00e5telser F\u00f6r att h\u00e4mta m\u00e4klarbild, registrera en \u00f6verl\u00e5telse eller ans\u00f6ka om medlemskap, g\u00e5 till\u00a0www.ny-medlem.se. D\u00e4r hanterar v\u00e5r bostadsr\u00e4ttsf\u00f6rening alla \u00f6verl\u00e5telser. Vi l\u00e4mnar inte ut uppgifter om pants\u00e4ttningar och liknande till tredje part utan l\u00e4genhetsinnehavarens medgivande. Denne\u00a0m\u00e5ste sj\u00e4lv kontakta oss [&hellip;]<\/p>\n","protected":false},"author":11,"featured_media":0,"parent":0,"menu_order":6,"comment_status":"closed","ping_status":"closed","template":"","meta":{"footnotes":""},"class_list":["post-807","page","type-page","status-publish","hentry"],"_links":{"self":[{"href":"https:\/\/brf-hh.net\/index.php?rest_route=\/wp\/v2\/pages\/807","targetHints":{"allow":["GET"]}}],"collection":[{"href":"https:\/\/brf-hh.net\/index.php?rest_route=\/wp\/v2\/pages"}],"about":[{"href":"https:\/\/brf-hh.net\/index.php?rest_route=\/wp\/v2\/types\/page"}],"author":[{"embeddable":true,"href":"https:\/\/brf-hh.net\/index.php?rest_route=\/wp\/v2\/users\/11"}],"replies":[{"embeddable":true,"href":"https:\/\/brf-hh.net\/index.php?rest_route=%2Fwp%2Fv2%2Fcomments&post=807"}],"version-history":[{"count":39,"href":"https:\/\/brf-hh.net\/index.php?rest_route=\/wp\/v2\/pages\/807\/revisions"}],"predecessor-version":[{"id":1383,"href":"https:\/\/brf-hh.net\/index.php?rest_route=\/wp\/v2\/pages\/807\/revisions\/1383"}],"wp:attachment":[{"href":"https:\/\/brf-hh.net\/index.php?rest_route=%2Fwp%2Fv2%2Fmedia&parent=807"}],"curies":[{"name":"wp","href":"https:\/\/api.w.org\/{rel}","templated":true}]}}