{"id":7,"date":"2008-11-04T20:50:25","date_gmt":"2008-11-04T19:50:25","guid":{"rendered":"http:\/\/brf-hh.net\/?page_id=7"},"modified":"2026-01-22T14:00:47","modified_gmt":"2026-01-22T12:00:47","slug":"styrelsen","status":"publish","type":"page","link":"https:\/\/brf-hh.net\/?page_id=7","title":{"rendered":"Styrelse"},"content":{"rendered":"<p>Alla i styrelsen f\u00f6r Brf Hornsgatan\/Hornsbruksgatan \u00e4r boende i bostadsr\u00e4ttsf\u00f6reningen<\/p>\n<p>Patricia Kolano, Styrelseordf\u00f6rande, Hornsgatan 150B<br \/>\nFredrik Camitz, ordinarie, Hornsbruksgatan 11<br \/>\nNavid Zagar, ordinarie, Hornsgatan 150B<br \/>\nHenny Svensson, ordinarie, Hornsgatan 150A<br \/>\nCaroline Nilsson, ordinarie, Hornsgatan 150B<br \/>\nAleksi Larsson-Sukarta, suppleant, Hornsgatan 150B<\/p>\n<p><strong>Information om styrelsen<br \/>\n<\/strong>D\u00e5 styrelsens medlemmar sj\u00e4lva bor i f\u00f6reningen finns ett naturligt intresse att p\u00e5 b\u00e4sta s\u00e4tt f\u00f6rvalta ansvaret och att representera alla boende i f\u00f6reningen. Styrelsens m\u00e5l \u00e4r att l\u00e5ngsiktigt, optimalt och kostnadseffektivt planera f\u00f6r underh\u00e5ll och f\u00f6rb\u00e4ttringar av den fysiska fastigheten och trivseln f\u00f6r de boende.<\/p>\n<p>Styrelsen har delat in uppgifterna i\u00a0fem ansvarsomr\u00e5den: ekonomi, fastighet och tillf\u00e4lliga projekt, avtal och kontrakt, information\u00a0samt underh\u00e5llsplan.<\/p>\n<p><strong>Kontakta styrelsen<br \/>\n<\/strong>Mejl: <a href=\"mailto:info@brf-hh.net\">info@brf-hh.net<\/a><\/p>\n","protected":false},"excerpt":{"rendered":"<p>Alla i styrelsen f\u00f6r Brf Hornsgatan\/Hornsbruksgatan \u00e4r boende i bostadsr\u00e4ttsf\u00f6reningen Patricia Kolano, Styrelseordf\u00f6rande, Hornsgatan 150B Fredrik Camitz, ordinarie, Hornsbruksgatan 11 Navid Zagar, ordinarie, Hornsgatan 150B Henny Svensson, ordinarie, Hornsgatan 150A Caroline Nilsson, ordinarie, Hornsgatan 150B Aleksi Larsson-Sukarta, suppleant, Hornsgatan 150B Information om styrelsen D\u00e5 styrelsens medlemmar sj\u00e4lva bor i f\u00f6reningen finns ett naturligt intresse att [&hellip;]<\/p>\n","protected":false},"author":6,"featured_media":0,"parent":0,"menu_order":2,"comment_status":"closed","ping_status":"closed","template":"","meta":{"footnotes":""},"class_list":["post-7","page","type-page","status-publish","hentry"],"_links":{"self":[{"href":"https:\/\/brf-hh.net\/index.php?rest_route=\/wp\/v2\/pages\/7","targetHints":{"allow":["GET"]}}],"collection":[{"href":"https:\/\/brf-hh.net\/index.php?rest_route=\/wp\/v2\/pages"}],"about":[{"href":"https:\/\/brf-hh.net\/index.php?rest_route=\/wp\/v2\/types\/page"}],"author":[{"embeddable":true,"href":"https:\/\/brf-hh.net\/index.php?rest_route=\/wp\/v2\/users\/6"}],"replies":[{"embeddable":true,"href":"https:\/\/brf-hh.net\/index.php?rest_route=%2Fwp%2Fv2%2Fcomments&post=7"}],"version-history":[{"count":78,"href":"https:\/\/brf-hh.net\/index.php?rest_route=\/wp\/v2\/pages\/7\/revisions"}],"predecessor-version":[{"id":1380,"href":"https:\/\/brf-hh.net\/index.php?rest_route=\/wp\/v2\/pages\/7\/revisions\/1380"}],"wp:attachment":[{"href":"https:\/\/brf-hh.net\/index.php?rest_route=%2Fwp%2Fv2%2Fmedia&parent=7"}],"curies":[{"name":"wp","href":"https:\/\/api.w.org\/{rel}","templated":true}]}}